{"id":143,"date":"2016-09-30T01:25:35","date_gmt":"2016-09-29T23:25:35","guid":{"rendered":"http:\/\/triptotripvalencia.com\/pt-pt\/?page_id=143"},"modified":"2020-07-09T14:00:10","modified_gmt":"2020-07-09T12:00:10","slug":"sobre-nos","status":"publish","type":"page","link":"https:\/\/triptotripvalencia.com\/pt-pt\/sobre-nos\/","title":{"rendered":"Sobre N\u00f3s"},"content":{"rendered":"<div id=\"cs-content\" class=\"cs-content\"><\/div>\n","protected":false},"excerpt":{"rendered":"<p>Sobre N\u00f3sSergio ComparteAmalia ComparteAdela ComparteTrip to trip ValenciaTRIP TO TRIP \u00e9 uma equipe de guias com a garantia de mais de 20 anos de trabalho, percorrendo e mostrando cidades per toda Europa a milhares de turistas. Agora com toda a nossa experie\u0302ncia no setor, queremos te ensinar a nossa cidade para que conhec\u0327as , desfrutes e ames tanto quanto no\u0301s. &#8230; <\/p>\n<div><a href=\"https:\/\/triptotripvalencia.com\/pt-pt\/sobre-nos\/\" class=\"more-link\">Leia mais<\/a><\/div>\n","protected":false},"author":4,"featured_media":0,"parent":0,"menu_order":0,"comment_status":"closed","ping_status":"closed","template":"template-blank-1.php","meta":[],"yoast_head":"<!-- This site is optimized with the Yoast SEO plugin v21.8.1 - https:\/\/yoast.com\/wordpress\/plugins\/seo\/ -->\n<title>Sobre N\u00f3s &#8902; Triptotrip<\/title>\n<meta name=\"robots\" content=\"index, follow, max-snippet:-1, max-image-preview:large, max-video-preview:-1\" \/>\n<link rel=\"canonical\" href=\"https:\/\/triptotripvalencia.com\/pt-pt\/sobre-nos\/\" \/>\n<meta property=\"og:locale\" content=\"pt_PT\" \/>\n<meta property=\"og:type\" content=\"article\" \/>\n<meta property=\"og:title\" content=\"Sobre N\u00f3s &#8902; Triptotrip\" \/>\n<meta property=\"og:description\" content=\"Sobre N\u00f3sSergio ComparteAmalia ComparteAdela ComparteTrip to trip ValenciaTRIP TO TRIP \u00e9 uma equipe de guias com a garantia de mais de 20 anos de trabalho, percorrendo e mostrando cidades per toda Europa a milhares de turistas. Agora com toda a nossa experie\u0302ncia no setor, queremos te ensinar a nossa cidade para que conhec\u0327as , desfrutes e ames tanto quanto no\u0301s. ... Leia mais\" \/>\n<meta property=\"og:url\" content=\"https:\/\/triptotripvalencia.com\/pt-pt\/sobre-nos\/\" \/>\n<meta property=\"og:site_name\" content=\"Triptotrip\" \/>\n<meta property=\"article:publisher\" content=\"https:\/\/www.facebook.com\/triptotripvalencia\" \/>\n<meta property=\"article:modified_time\" content=\"2020-07-09T12:00:10+00:00\" \/>\n<meta property=\"og:image\" content=\"http:\/\/triptotripvalencia.com\/wp-content\/uploads\/2017\/02\/Guia-turistico-Sergio.jpg\" \/>\n<meta name=\"twitter:card\" content=\"summary_large_image\" \/>\n<meta name=\"twitter:label1\" content=\"Tempo estimado de leitura\" \/>\n\t<meta name=\"twitter:data1\" content=\"3 minutos\" \/>\n<script type=\"application\/ld+json\" class=\"yoast-schema-graph\">{\"@context\":\"https:\/\/schema.org\",\"@graph\":[{\"@type\":\"WebPage\",\"@id\":\"https:\/\/triptotripvalencia.com\/pt-pt\/sobre-nos\/\",\"url\":\"https:\/\/triptotripvalencia.com\/pt-pt\/sobre-nos\/\",\"name\":\"Sobre N\u00f3s &#8902; Triptotrip\",\"isPartOf\":{\"@id\":\"https:\/\/triptotripvalencia.com\/pt-pt\/#website\"},\"datePublished\":\"2016-09-29T23:25:35+00:00\",\"dateModified\":\"2020-07-09T12:00:10+00:00\",\"breadcrumb\":{\"@id\":\"https:\/\/triptotripvalencia.com\/pt-pt\/sobre-nos\/#breadcrumb\"},\"inLanguage\":\"pt-PT\",\"potentialAction\":[{\"@type\":\"ReadAction\",\"target\":[\"https:\/\/triptotripvalencia.com\/pt-pt\/sobre-nos\/\"]}]},{\"@type\":\"BreadcrumbList\",\"@id\":\"https:\/\/triptotripvalencia.com\/pt-pt\/sobre-nos\/#breadcrumb\",\"itemListElement\":[{\"@type\":\"ListItem\",\"position\":1,\"name\":\"Portada\",\"item\":\"https:\/\/triptotripvalencia.com\/pt-pt\/inicio\/\"},{\"@type\":\"ListItem\",\"position\":2,\"name\":\"Sobre N\u00f3s\"}]},{\"@type\":\"WebSite\",\"@id\":\"https:\/\/triptotripvalencia.com\/pt-pt\/#website\",\"url\":\"https:\/\/triptotripvalencia.com\/pt-pt\/\",\"name\":\"Triptotrip\",\"description\":\"Visitas guiadas en Valencia\",\"publisher\":{\"@id\":\"https:\/\/triptotripvalencia.com\/pt-pt\/#organization\"},\"potentialAction\":[{\"@type\":\"SearchAction\",\"target\":{\"@type\":\"EntryPoint\",\"urlTemplate\":\"https:\/\/triptotripvalencia.com\/pt-pt\/?s={search_term_string}\"},\"query-input\":\"required name=search_term_string\"}],\"inLanguage\":\"pt-PT\"},{\"@type\":\"Organization\",\"@id\":\"https:\/\/triptotripvalencia.com\/pt-pt\/#organization\",\"name\":\"TripToTripValencia\",\"url\":\"https:\/\/triptotripvalencia.com\/pt-pt\/\",\"logo\":{\"@type\":\"ImageObject\",\"inLanguage\":\"pt-PT\",\"@id\":\"https:\/\/triptotripvalencia.com\/pt-pt\/#\/schema\/logo\/image\/\",\"url\":\"https:\/\/triptotripvalencia.com\/wp-content\/uploads\/2016\/09\/logo.png\",\"contentUrl\":\"https:\/\/triptotripvalencia.com\/wp-content\/uploads\/2016\/09\/logo.png\",\"width\":250,\"height\":70,\"caption\":\"TripToTripValencia\"},\"image\":{\"@id\":\"https:\/\/triptotripvalencia.com\/pt-pt\/#\/schema\/logo\/image\/\"},\"sameAs\":[\"https:\/\/www.facebook.com\/triptotripvalencia\",\"https:\/\/www.instagram.com\/triptotripvalencia\/\"]}]}<\/script>\n<!-- \/ Yoast SEO plugin. -->","yoast_head_json":{"title":"Sobre N\u00f3s &#8902; Triptotrip","robots":{"index":"index","follow":"follow","max-snippet":"max-snippet:-1","max-image-preview":"max-image-preview:large","max-video-preview":"max-video-preview:-1"},"canonical":"https:\/\/triptotripvalencia.com\/pt-pt\/sobre-nos\/","og_locale":"pt_PT","og_type":"article","og_title":"Sobre N\u00f3s &#8902; Triptotrip","og_description":"Sobre N\u00f3sSergio ComparteAmalia ComparteAdela ComparteTrip to trip ValenciaTRIP TO TRIP \u00e9 uma equipe de guias com a garantia de mais de 20 anos de trabalho, percorrendo e mostrando cidades per toda Europa a milhares de turistas. Agora com toda a nossa experie\u0302ncia no setor, queremos te ensinar a nossa cidade para que conhec\u0327as , desfrutes e ames tanto quanto no\u0301s. ... Leia mais","og_url":"https:\/\/triptotripvalencia.com\/pt-pt\/sobre-nos\/","og_site_name":"Triptotrip","article_publisher":"https:\/\/www.facebook.com\/triptotripvalencia","article_modified_time":"2020-07-09T12:00:10+00:00","og_image":[{"url":"http:\/\/triptotripvalencia.com\/wp-content\/uploads\/2017\/02\/Guia-turistico-Sergio.jpg"}],"twitter_card":"summary_large_image","twitter_misc":{"Tempo estimado de leitura":"3 minutos"},"schema":{"@context":"https:\/\/schema.org","@graph":[{"@type":"WebPage","@id":"https:\/\/triptotripvalencia.com\/pt-pt\/sobre-nos\/","url":"https:\/\/triptotripvalencia.com\/pt-pt\/sobre-nos\/","name":"Sobre N\u00f3s &#8902; Triptotrip","isPartOf":{"@id":"https:\/\/triptotripvalencia.com\/pt-pt\/#website"},"datePublished":"2016-09-29T23:25:35+00:00","dateModified":"2020-07-09T12:00:10+00:00","breadcrumb":{"@id":"https:\/\/triptotripvalencia.com\/pt-pt\/sobre-nos\/#breadcrumb"},"inLanguage":"pt-PT","potentialAction":[{"@type":"ReadAction","target":["https:\/\/triptotripvalencia.com\/pt-pt\/sobre-nos\/"]}]},{"@type":"BreadcrumbList","@id":"https:\/\/triptotripvalencia.com\/pt-pt\/sobre-nos\/#breadcrumb","itemListElement":[{"@type":"ListItem","position":1,"name":"Portada","item":"https:\/\/triptotripvalencia.com\/pt-pt\/inicio\/"},{"@type":"ListItem","position":2,"name":"Sobre N\u00f3s"}]},{"@type":"WebSite","@id":"https:\/\/triptotripvalencia.com\/pt-pt\/#website","url":"https:\/\/triptotripvalencia.com\/pt-pt\/","name":"Triptotrip","description":"Visitas guiadas en Valencia","publisher":{"@id":"https:\/\/triptotripvalencia.com\/pt-pt\/#organization"},"potentialAction":[{"@type":"SearchAction","target":{"@type":"EntryPoint","urlTemplate":"https:\/\/triptotripvalencia.com\/pt-pt\/?s={search_term_string}"},"query-input":"required name=search_term_string"}],"inLanguage":"pt-PT"},{"@type":"Organization","@id":"https:\/\/triptotripvalencia.com\/pt-pt\/#organization","name":"TripToTripValencia","url":"https:\/\/triptotripvalencia.com\/pt-pt\/","logo":{"@type":"ImageObject","inLanguage":"pt-PT","@id":"https:\/\/triptotripvalencia.com\/pt-pt\/#\/schema\/logo\/image\/","url":"https:\/\/triptotripvalencia.com\/wp-content\/uploads\/2016\/09\/logo.png","contentUrl":"https:\/\/triptotripvalencia.com\/wp-content\/uploads\/2016\/09\/logo.png","width":250,"height":70,"caption":"TripToTripValencia"},"image":{"@id":"https:\/\/triptotripvalencia.com\/pt-pt\/#\/schema\/logo\/image\/"},"sameAs":["https:\/\/www.facebook.com\/triptotripvalencia","https:\/\/www.instagram.com\/triptotripvalencia\/"]}]}},"_links":{"self":[{"href":"https:\/\/triptotripvalencia.com\/pt-pt\/wp-json\/wp\/v2\/pages\/143"}],"collection":[{"href":"https:\/\/triptotripvalencia.com\/pt-pt\/wp-json\/wp\/v2\/pages"}],"about":[{"href":"https:\/\/triptotripvalencia.com\/pt-pt\/wp-json\/wp\/v2\/types\/page"}],"author":[{"embeddable":true,"href":"https:\/\/triptotripvalencia.com\/pt-pt\/wp-json\/wp\/v2\/users\/4"}],"replies":[{"embeddable":true,"href":"https:\/\/triptotripvalencia.com\/pt-pt\/wp-json\/wp\/v2\/comments?post=143"}],"version-history":[{"count":5,"href":"https:\/\/triptotripvalencia.com\/pt-pt\/wp-json\/wp\/v2\/pages\/143\/revisions"}],"predecessor-version":[{"id":969,"href":"https:\/\/triptotripvalencia.com\/pt-pt\/wp-json\/wp\/v2\/pages\/143\/revisions\/969"}],"wp:attachment":[{"href":"https:\/\/triptotripvalencia.com\/pt-pt\/wp-json\/wp\/v2\/media?parent=143"}],"curies":[{"name":"wp","href":"https:\/\/api.w.org\/{rel}","templated":true}]}}