{"id":1080,"date":"2020-07-21T16:03:38","date_gmt":"2020-07-21T14:03:38","guid":{"rendered":"https:\/\/triptotripvalencia.com\/rotas\/"},"modified":"2020-09-03T19:22:56","modified_gmt":"2020-09-03T17:22:56","slug":"visitas","status":"publish","type":"page","link":"https:\/\/triptotripvalencia.com\/pt-pt\/visitas\/","title":{"rendered":"Visitas"},"content":{"rendered":"<div id=\"cs-content\" class=\"cs-content\"><\/div>\n","protected":false},"excerpt":{"rendered":"<p>Passeio pela Valencia antiga com o mercado da seda. Se \u00e9 a sua primeira vez na cidade de Val\u00eancia fazemos a sugest\u00e3o de &#8230; <\/p>\n<div><a href=\"https:\/\/triptotripvalencia.com\/pt-pt\/itinerary\/rota-gastronomica\/\" class=\"more-link\">Leia mais<\/a><\/div>\n","protected":false},"author":4,"featured_media":0,"parent":0,"menu_order":0,"comment_status":"closed","ping_status":"closed","template":"template-blank-4.php","meta":[],"yoast_head":"<!-- This site is optimized with the Yoast SEO plugin v21.8.1 - https:\/\/yoast.com\/wordpress\/plugins\/seo\/ -->\n<title>Visitas &#8902; Triptotrip<\/title>\n<meta name=\"robots\" content=\"index, follow, max-snippet:-1, max-image-preview:large, max-video-preview:-1\" \/>\n<link rel=\"canonical\" href=\"https:\/\/triptotripvalencia.com\/pt-pt\/visitas\/\" \/>\n<meta property=\"og:locale\" content=\"pt_PT\" \/>\n<meta property=\"og:type\" content=\"article\" \/>\n<meta property=\"og:title\" content=\"Visitas &#8902; Triptotrip\" \/>\n<meta property=\"og:description\" content=\"Passeio pela Valencia antiga com o mercado da seda. Se \u00e9 a sua primeira vez na cidade de Val\u00eancia fazemos a sugest\u00e3o de ... Leia mais\" \/>\n<meta property=\"og:url\" content=\"https:\/\/triptotripvalencia.com\/pt-pt\/visitas\/\" \/>\n<meta property=\"og:site_name\" content=\"Triptotrip\" \/>\n<meta property=\"article:publisher\" content=\"https:\/\/www.facebook.com\/triptotripvalencia\" \/>\n<meta property=\"article:modified_time\" content=\"2020-09-03T17:22:56+00:00\" \/>\n<meta property=\"og:image\" content=\"https:\/\/triptotripvalencia.com\/wp-content\/uploads\/2020\/08\/bioparc-365x215.jpeg\" \/>\n<meta name=\"twitter:card\" content=\"summary_large_image\" \/>\n<meta name=\"twitter:label1\" content=\"Tempo estimado de leitura\" \/>\n\t<meta name=\"twitter:data1\" content=\"1 minuto\" \/>\n<script type=\"application\/ld+json\" class=\"yoast-schema-graph\">{\"@context\":\"https:\/\/schema.org\",\"@graph\":[{\"@type\":\"WebPage\",\"@id\":\"https:\/\/triptotripvalencia.com\/pt-pt\/visitas\/\",\"url\":\"https:\/\/triptotripvalencia.com\/pt-pt\/visitas\/\",\"name\":\"Visitas &#8902; Triptotrip\",\"isPartOf\":{\"@id\":\"https:\/\/triptotripvalencia.com\/pt-pt\/#website\"},\"datePublished\":\"2020-07-21T14:03:38+00:00\",\"dateModified\":\"2020-09-03T17:22:56+00:00\",\"breadcrumb\":{\"@id\":\"https:\/\/triptotripvalencia.com\/pt-pt\/visitas\/#breadcrumb\"},\"inLanguage\":\"pt-PT\",\"potentialAction\":[{\"@type\":\"ReadAction\",\"target\":[\"https:\/\/triptotripvalencia.com\/pt-pt\/visitas\/\"]}]},{\"@type\":\"BreadcrumbList\",\"@id\":\"https:\/\/triptotripvalencia.com\/pt-pt\/visitas\/#breadcrumb\",\"itemListElement\":[{\"@type\":\"ListItem\",\"position\":1,\"name\":\"Portada\",\"item\":\"https:\/\/triptotripvalencia.com\/pt-pt\/inicio\/\"},{\"@type\":\"ListItem\",\"position\":2,\"name\":\"Visitas\"}]},{\"@type\":\"WebSite\",\"@id\":\"https:\/\/triptotripvalencia.com\/pt-pt\/#website\",\"url\":\"https:\/\/triptotripvalencia.com\/pt-pt\/\",\"name\":\"Triptotrip\",\"description\":\"Visitas guiadas en Valencia\",\"publisher\":{\"@id\":\"https:\/\/triptotripvalencia.com\/pt-pt\/#organization\"},\"potentialAction\":[{\"@type\":\"SearchAction\",\"target\":{\"@type\":\"EntryPoint\",\"urlTemplate\":\"https:\/\/triptotripvalencia.com\/pt-pt\/?s={search_term_string}\"},\"query-input\":\"required name=search_term_string\"}],\"inLanguage\":\"pt-PT\"},{\"@type\":\"Organization\",\"@id\":\"https:\/\/triptotripvalencia.com\/pt-pt\/#organization\",\"name\":\"TripToTripValencia\",\"url\":\"https:\/\/triptotripvalencia.com\/pt-pt\/\",\"logo\":{\"@type\":\"ImageObject\",\"inLanguage\":\"pt-PT\",\"@id\":\"https:\/\/triptotripvalencia.com\/pt-pt\/#\/schema\/logo\/image\/\",\"url\":\"https:\/\/triptotripvalencia.com\/wp-content\/uploads\/2016\/09\/logo.png\",\"contentUrl\":\"https:\/\/triptotripvalencia.com\/wp-content\/uploads\/2016\/09\/logo.png\",\"width\":250,\"height\":70,\"caption\":\"TripToTripValencia\"},\"image\":{\"@id\":\"https:\/\/triptotripvalencia.com\/pt-pt\/#\/schema\/logo\/image\/\"},\"sameAs\":[\"https:\/\/www.facebook.com\/triptotripvalencia\",\"https:\/\/www.instagram.com\/triptotripvalencia\/\"]}]}<\/script>\n<!-- \/ Yoast SEO plugin. -->","yoast_head_json":{"title":"Visitas &#8902; Triptotrip","robots":{"index":"index","follow":"follow","max-snippet":"max-snippet:-1","max-image-preview":"max-image-preview:large","max-video-preview":"max-video-preview:-1"},"canonical":"https:\/\/triptotripvalencia.com\/pt-pt\/visitas\/","og_locale":"pt_PT","og_type":"article","og_title":"Visitas &#8902; Triptotrip","og_description":"Passeio pela Valencia antiga com o mercado da seda. Se \u00e9 a sua primeira vez na cidade de Val\u00eancia fazemos a sugest\u00e3o de ... Leia mais","og_url":"https:\/\/triptotripvalencia.com\/pt-pt\/visitas\/","og_site_name":"Triptotrip","article_publisher":"https:\/\/www.facebook.com\/triptotripvalencia","article_modified_time":"2020-09-03T17:22:56+00:00","og_image":[{"url":"https:\/\/triptotripvalencia.com\/wp-content\/uploads\/2020\/08\/bioparc-365x215.jpeg"}],"twitter_card":"summary_large_image","twitter_misc":{"Tempo estimado de leitura":"1 minuto"},"schema":{"@context":"https:\/\/schema.org","@graph":[{"@type":"WebPage","@id":"https:\/\/triptotripvalencia.com\/pt-pt\/visitas\/","url":"https:\/\/triptotripvalencia.com\/pt-pt\/visitas\/","name":"Visitas &#8902; Triptotrip","isPartOf":{"@id":"https:\/\/triptotripvalencia.com\/pt-pt\/#website"},"datePublished":"2020-07-21T14:03:38+00:00","dateModified":"2020-09-03T17:22:56+00:00","breadcrumb":{"@id":"https:\/\/triptotripvalencia.com\/pt-pt\/visitas\/#breadcrumb"},"inLanguage":"pt-PT","potentialAction":[{"@type":"ReadAction","target":["https:\/\/triptotripvalencia.com\/pt-pt\/visitas\/"]}]},{"@type":"BreadcrumbList","@id":"https:\/\/triptotripvalencia.com\/pt-pt\/visitas\/#breadcrumb","itemListElement":[{"@type":"ListItem","position":1,"name":"Portada","item":"https:\/\/triptotripvalencia.com\/pt-pt\/inicio\/"},{"@type":"ListItem","position":2,"name":"Visitas"}]},{"@type":"WebSite","@id":"https:\/\/triptotripvalencia.com\/pt-pt\/#website","url":"https:\/\/triptotripvalencia.com\/pt-pt\/","name":"Triptotrip","description":"Visitas guiadas en Valencia","publisher":{"@id":"https:\/\/triptotripvalencia.com\/pt-pt\/#organization"},"potentialAction":[{"@type":"SearchAction","target":{"@type":"EntryPoint","urlTemplate":"https:\/\/triptotripvalencia.com\/pt-pt\/?s={search_term_string}"},"query-input":"required name=search_term_string"}],"inLanguage":"pt-PT"},{"@type":"Organization","@id":"https:\/\/triptotripvalencia.com\/pt-pt\/#organization","name":"TripToTripValencia","url":"https:\/\/triptotripvalencia.com\/pt-pt\/","logo":{"@type":"ImageObject","inLanguage":"pt-PT","@id":"https:\/\/triptotripvalencia.com\/pt-pt\/#\/schema\/logo\/image\/","url":"https:\/\/triptotripvalencia.com\/wp-content\/uploads\/2016\/09\/logo.png","contentUrl":"https:\/\/triptotripvalencia.com\/wp-content\/uploads\/2016\/09\/logo.png","width":250,"height":70,"caption":"TripToTripValencia"},"image":{"@id":"https:\/\/triptotripvalencia.com\/pt-pt\/#\/schema\/logo\/image\/"},"sameAs":["https:\/\/www.facebook.com\/triptotripvalencia","https:\/\/www.instagram.com\/triptotripvalencia\/"]}]}},"_links":{"self":[{"href":"https:\/\/triptotripvalencia.com\/pt-pt\/wp-json\/wp\/v2\/pages\/1080"}],"collection":[{"href":"https:\/\/triptotripvalencia.com\/pt-pt\/wp-json\/wp\/v2\/pages"}],"about":[{"href":"https:\/\/triptotripvalencia.com\/pt-pt\/wp-json\/wp\/v2\/types\/page"}],"author":[{"embeddable":true,"href":"https:\/\/triptotripvalencia.com\/pt-pt\/wp-json\/wp\/v2\/users\/4"}],"replies":[{"embeddable":true,"href":"https:\/\/triptotripvalencia.com\/pt-pt\/wp-json\/wp\/v2\/comments?post=1080"}],"version-history":[{"count":3,"href":"https:\/\/triptotripvalencia.com\/pt-pt\/wp-json\/wp\/v2\/pages\/1080\/revisions"}],"predecessor-version":[{"id":1279,"href":"https:\/\/triptotripvalencia.com\/pt-pt\/wp-json\/wp\/v2\/pages\/1080\/revisions\/1279"}],"wp:attachment":[{"href":"https:\/\/triptotripvalencia.com\/pt-pt\/wp-json\/wp\/v2\/media?parent=1080"}],"curies":[{"name":"wp","href":"https:\/\/api.w.org\/{rel}","templated":true}]}}