{"id":137,"date":"2016-09-30T01:20:55","date_gmt":"2016-09-29T23:20:55","guid":{"rendered":"http:\/\/triptotripvalencia.com\/it\/?page_id=137"},"modified":"2020-07-09T13:59:44","modified_gmt":"2020-07-09T11:59:44","slug":"chi-siamo","status":"publish","type":"page","link":"https:\/\/triptotripvalencia.com\/it\/chi-siamo\/","title":{"rendered":"Chi siamo"},"content":{"rendered":"<div id=\"cs-content\" class=\"cs-content\"><\/div>\n","protected":false},"excerpt":{"rendered":"<p>Chi siamoSergio ComparteAmalia ComparteAdela ComparteTrip to trip ValenciaTrip to trip Valencia \u00e9 un gruppo di guide ufficiali della Comunit\u00e0 Autonoma Valenciana con di pi\u00f9 di 20 anni di esperienza nel settore turistico, viaggiando e mostrando citt\u00e0 di tutta Europa a migliaia di turisti. \u00c8 giunto il momento di mostrare la NOSTRA citt\u00e0, Valencia, di farla conoscere, amare e vivere come &#8230; <\/p>\n<div><a href=\"https:\/\/triptotripvalencia.com\/it\/chi-siamo\/\" class=\"more-link\">Leggi di pi\u00f9<\/a><\/div>\n","protected":false},"author":4,"featured_media":0,"parent":0,"menu_order":0,"comment_status":"closed","ping_status":"closed","template":"template-blank-1.php","meta":[],"yoast_head":"<!-- This site is optimized with the Yoast SEO plugin v21.8.1 - https:\/\/yoast.com\/wordpress\/plugins\/seo\/ -->\n<title>Chi siamo &#8902; Triptotrip<\/title>\n<meta name=\"robots\" content=\"index, follow, max-snippet:-1, max-image-preview:large, max-video-preview:-1\" \/>\n<link rel=\"canonical\" href=\"https:\/\/triptotripvalencia.com\/it\/chi-siamo\/\" \/>\n<meta property=\"og:locale\" content=\"it_IT\" \/>\n<meta property=\"og:type\" content=\"article\" \/>\n<meta property=\"og:title\" content=\"Chi siamo &#8902; Triptotrip\" \/>\n<meta property=\"og:description\" content=\"Chi siamoSergio ComparteAmalia ComparteAdela ComparteTrip to trip ValenciaTrip to trip Valencia \u00e9 un gruppo di guide ufficiali della Comunit\u00e0 Autonoma Valenciana con di pi\u00f9 di 20 anni di esperienza nel settore turistico, viaggiando e mostrando citt\u00e0 di tutta Europa a migliaia di turisti. \u00c8 giunto il momento di mostrare la NOSTRA citt\u00e0, Valencia, di farla conoscere, amare e vivere come ... Leggi di pi\u00f9\" \/>\n<meta property=\"og:url\" content=\"https:\/\/triptotripvalencia.com\/it\/chi-siamo\/\" \/>\n<meta property=\"og:site_name\" content=\"Triptotrip\" \/>\n<meta property=\"article:publisher\" content=\"https:\/\/www.facebook.com\/triptotripvalencia\" \/>\n<meta property=\"article:modified_time\" content=\"2020-07-09T11:59:44+00:00\" \/>\n<meta property=\"og:image\" content=\"http:\/\/triptotripvalencia.com\/wp-content\/uploads\/2017\/02\/Guia-turistico-Sergio.jpg\" \/>\n<meta name=\"twitter:card\" content=\"summary_large_image\" \/>\n<meta name=\"twitter:label1\" content=\"Tempo di lettura stimato\" \/>\n\t<meta name=\"twitter:data1\" content=\"3 minuti\" \/>\n<script type=\"application\/ld+json\" class=\"yoast-schema-graph\">{\"@context\":\"https:\/\/schema.org\",\"@graph\":[{\"@type\":\"WebPage\",\"@id\":\"https:\/\/triptotripvalencia.com\/it\/chi-siamo\/\",\"url\":\"https:\/\/triptotripvalencia.com\/it\/chi-siamo\/\",\"name\":\"Chi siamo &#8902; Triptotrip\",\"isPartOf\":{\"@id\":\"https:\/\/triptotripvalencia.com\/it\/#website\"},\"datePublished\":\"2016-09-29T23:20:55+00:00\",\"dateModified\":\"2020-07-09T11:59:44+00:00\",\"breadcrumb\":{\"@id\":\"https:\/\/triptotripvalencia.com\/it\/chi-siamo\/#breadcrumb\"},\"inLanguage\":\"it-IT\",\"potentialAction\":[{\"@type\":\"ReadAction\",\"target\":[\"https:\/\/triptotripvalencia.com\/it\/chi-siamo\/\"]}]},{\"@type\":\"BreadcrumbList\",\"@id\":\"https:\/\/triptotripvalencia.com\/it\/chi-siamo\/#breadcrumb\",\"itemListElement\":[{\"@type\":\"ListItem\",\"position\":1,\"name\":\"Portada\",\"item\":\"https:\/\/triptotripvalencia.com\/it\/inizio\/\"},{\"@type\":\"ListItem\",\"position\":2,\"name\":\"Chi siamo\"}]},{\"@type\":\"WebSite\",\"@id\":\"https:\/\/triptotripvalencia.com\/it\/#website\",\"url\":\"https:\/\/triptotripvalencia.com\/it\/\",\"name\":\"Triptotrip\",\"description\":\"Visitas guiadas en Valencia\",\"publisher\":{\"@id\":\"https:\/\/triptotripvalencia.com\/it\/#organization\"},\"potentialAction\":[{\"@type\":\"SearchAction\",\"target\":{\"@type\":\"EntryPoint\",\"urlTemplate\":\"https:\/\/triptotripvalencia.com\/it\/?s={search_term_string}\"},\"query-input\":\"required name=search_term_string\"}],\"inLanguage\":\"it-IT\"},{\"@type\":\"Organization\",\"@id\":\"https:\/\/triptotripvalencia.com\/it\/#organization\",\"name\":\"TripToTripValencia\",\"url\":\"https:\/\/triptotripvalencia.com\/it\/\",\"logo\":{\"@type\":\"ImageObject\",\"inLanguage\":\"it-IT\",\"@id\":\"https:\/\/triptotripvalencia.com\/it\/#\/schema\/logo\/image\/\",\"url\":\"https:\/\/triptotripvalencia.com\/wp-content\/uploads\/2016\/09\/logo.png\",\"contentUrl\":\"https:\/\/triptotripvalencia.com\/wp-content\/uploads\/2016\/09\/logo.png\",\"width\":250,\"height\":70,\"caption\":\"TripToTripValencia\"},\"image\":{\"@id\":\"https:\/\/triptotripvalencia.com\/it\/#\/schema\/logo\/image\/\"},\"sameAs\":[\"https:\/\/www.facebook.com\/triptotripvalencia\",\"https:\/\/www.instagram.com\/triptotripvalencia\/\"]}]}<\/script>\n<!-- \/ Yoast SEO plugin. -->","yoast_head_json":{"title":"Chi siamo &#8902; Triptotrip","robots":{"index":"index","follow":"follow","max-snippet":"max-snippet:-1","max-image-preview":"max-image-preview:large","max-video-preview":"max-video-preview:-1"},"canonical":"https:\/\/triptotripvalencia.com\/it\/chi-siamo\/","og_locale":"it_IT","og_type":"article","og_title":"Chi siamo &#8902; Triptotrip","og_description":"Chi siamoSergio ComparteAmalia ComparteAdela ComparteTrip to trip ValenciaTrip to trip Valencia \u00e9 un gruppo di guide ufficiali della Comunit\u00e0 Autonoma Valenciana con di pi\u00f9 di 20 anni di esperienza nel settore turistico, viaggiando e mostrando citt\u00e0 di tutta Europa a migliaia di turisti. \u00c8 giunto il momento di mostrare la NOSTRA citt\u00e0, Valencia, di farla conoscere, amare e vivere come ... Leggi di pi\u00f9","og_url":"https:\/\/triptotripvalencia.com\/it\/chi-siamo\/","og_site_name":"Triptotrip","article_publisher":"https:\/\/www.facebook.com\/triptotripvalencia","article_modified_time":"2020-07-09T11:59:44+00:00","og_image":[{"url":"http:\/\/triptotripvalencia.com\/wp-content\/uploads\/2017\/02\/Guia-turistico-Sergio.jpg"}],"twitter_card":"summary_large_image","twitter_misc":{"Tempo di lettura stimato":"3 minuti"},"schema":{"@context":"https:\/\/schema.org","@graph":[{"@type":"WebPage","@id":"https:\/\/triptotripvalencia.com\/it\/chi-siamo\/","url":"https:\/\/triptotripvalencia.com\/it\/chi-siamo\/","name":"Chi siamo &#8902; Triptotrip","isPartOf":{"@id":"https:\/\/triptotripvalencia.com\/it\/#website"},"datePublished":"2016-09-29T23:20:55+00:00","dateModified":"2020-07-09T11:59:44+00:00","breadcrumb":{"@id":"https:\/\/triptotripvalencia.com\/it\/chi-siamo\/#breadcrumb"},"inLanguage":"it-IT","potentialAction":[{"@type":"ReadAction","target":["https:\/\/triptotripvalencia.com\/it\/chi-siamo\/"]}]},{"@type":"BreadcrumbList","@id":"https:\/\/triptotripvalencia.com\/it\/chi-siamo\/#breadcrumb","itemListElement":[{"@type":"ListItem","position":1,"name":"Portada","item":"https:\/\/triptotripvalencia.com\/it\/inizio\/"},{"@type":"ListItem","position":2,"name":"Chi siamo"}]},{"@type":"WebSite","@id":"https:\/\/triptotripvalencia.com\/it\/#website","url":"https:\/\/triptotripvalencia.com\/it\/","name":"Triptotrip","description":"Visitas guiadas en Valencia","publisher":{"@id":"https:\/\/triptotripvalencia.com\/it\/#organization"},"potentialAction":[{"@type":"SearchAction","target":{"@type":"EntryPoint","urlTemplate":"https:\/\/triptotripvalencia.com\/it\/?s={search_term_string}"},"query-input":"required name=search_term_string"}],"inLanguage":"it-IT"},{"@type":"Organization","@id":"https:\/\/triptotripvalencia.com\/it\/#organization","name":"TripToTripValencia","url":"https:\/\/triptotripvalencia.com\/it\/","logo":{"@type":"ImageObject","inLanguage":"it-IT","@id":"https:\/\/triptotripvalencia.com\/it\/#\/schema\/logo\/image\/","url":"https:\/\/triptotripvalencia.com\/wp-content\/uploads\/2016\/09\/logo.png","contentUrl":"https:\/\/triptotripvalencia.com\/wp-content\/uploads\/2016\/09\/logo.png","width":250,"height":70,"caption":"TripToTripValencia"},"image":{"@id":"https:\/\/triptotripvalencia.com\/it\/#\/schema\/logo\/image\/"},"sameAs":["https:\/\/www.facebook.com\/triptotripvalencia","https:\/\/www.instagram.com\/triptotripvalencia\/"]}]}},"_links":{"self":[{"href":"https:\/\/triptotripvalencia.com\/it\/wp-json\/wp\/v2\/pages\/137"}],"collection":[{"href":"https:\/\/triptotripvalencia.com\/it\/wp-json\/wp\/v2\/pages"}],"about":[{"href":"https:\/\/triptotripvalencia.com\/it\/wp-json\/wp\/v2\/types\/page"}],"author":[{"embeddable":true,"href":"https:\/\/triptotripvalencia.com\/it\/wp-json\/wp\/v2\/users\/4"}],"replies":[{"embeddable":true,"href":"https:\/\/triptotripvalencia.com\/it\/wp-json\/wp\/v2\/comments?post=137"}],"version-history":[{"count":6,"href":"https:\/\/triptotripvalencia.com\/it\/wp-json\/wp\/v2\/pages\/137\/revisions"}],"predecessor-version":[{"id":968,"href":"https:\/\/triptotripvalencia.com\/it\/wp-json\/wp\/v2\/pages\/137\/revisions\/968"}],"wp:attachment":[{"href":"https:\/\/triptotripvalencia.com\/it\/wp-json\/wp\/v2\/media?parent=137"}],"curies":[{"name":"wp","href":"https:\/\/api.w.org\/{rel}","templated":true}]}}