{"id":1078,"date":"2020-07-21T16:03:06","date_gmt":"2020-07-21T14:03:06","guid":{"rendered":"https:\/\/triptotripvalencia.com\/itinerari-2\/"},"modified":"2020-09-03T19:22:30","modified_gmt":"2020-09-03T17:22:30","slug":"visite","status":"publish","type":"page","link":"https:\/\/triptotripvalencia.com\/it\/visite\/","title":{"rendered":"Visite"},"content":{"rendered":"<div id=\"cs-content\" class=\"cs-content\"><\/div>\n","protected":false},"excerpt":{"rendered":"<p>Passeggiata per Valencia, Citt\u00e0 Vecchia Se \u00e8 per prima volta che venite a Valencia, Vi consigliamo di fare una passeggiata tra i suoi &#8230; <\/p>\n<div><a href=\"https:\/\/triptotripvalencia.com\/it\/itinerary\/percorso-gastronomico\/\" class=\"more-link\">Leggi di pi\u00f9<\/a><\/div>\n","protected":false},"author":4,"featured_media":0,"parent":0,"menu_order":0,"comment_status":"closed","ping_status":"closed","template":"template-blank-4.php","meta":[],"yoast_head":"<!-- This site is optimized with the Yoast SEO plugin v21.8.1 - https:\/\/yoast.com\/wordpress\/plugins\/seo\/ -->\n<title>Visite &#8902; Triptotrip<\/title>\n<meta name=\"robots\" content=\"index, follow, max-snippet:-1, max-image-preview:large, max-video-preview:-1\" \/>\n<link rel=\"canonical\" href=\"https:\/\/triptotripvalencia.com\/it\/visite\/\" \/>\n<meta property=\"og:locale\" content=\"it_IT\" \/>\n<meta property=\"og:type\" content=\"article\" \/>\n<meta property=\"og:title\" content=\"Visite &#8902; Triptotrip\" \/>\n<meta property=\"og:description\" content=\"Passeggiata per Valencia, Citt\u00e0 Vecchia Se \u00e8 per prima volta che venite a Valencia, Vi consigliamo di fare una passeggiata tra i suoi ... Leggi di pi\u00f9\" \/>\n<meta property=\"og:url\" content=\"https:\/\/triptotripvalencia.com\/it\/visite\/\" \/>\n<meta property=\"og:site_name\" content=\"Triptotrip\" \/>\n<meta property=\"article:publisher\" content=\"https:\/\/www.facebook.com\/triptotripvalencia\" \/>\n<meta property=\"article:modified_time\" content=\"2020-09-03T17:22:30+00:00\" \/>\n<meta property=\"og:image\" content=\"https:\/\/triptotripvalencia.com\/wp-content\/uploads\/2020\/08\/bioparc-365x215.jpeg\" \/>\n<meta name=\"twitter:card\" content=\"summary_large_image\" \/>\n<meta name=\"twitter:label1\" content=\"Tempo di lettura stimato\" \/>\n\t<meta name=\"twitter:data1\" content=\"1 minuto\" \/>\n<script type=\"application\/ld+json\" class=\"yoast-schema-graph\">{\"@context\":\"https:\/\/schema.org\",\"@graph\":[{\"@type\":\"WebPage\",\"@id\":\"https:\/\/triptotripvalencia.com\/it\/visite\/\",\"url\":\"https:\/\/triptotripvalencia.com\/it\/visite\/\",\"name\":\"Visite &#8902; Triptotrip\",\"isPartOf\":{\"@id\":\"https:\/\/triptotripvalencia.com\/it\/#website\"},\"datePublished\":\"2020-07-21T14:03:06+00:00\",\"dateModified\":\"2020-09-03T17:22:30+00:00\",\"breadcrumb\":{\"@id\":\"https:\/\/triptotripvalencia.com\/it\/visite\/#breadcrumb\"},\"inLanguage\":\"it-IT\",\"potentialAction\":[{\"@type\":\"ReadAction\",\"target\":[\"https:\/\/triptotripvalencia.com\/it\/visite\/\"]}]},{\"@type\":\"BreadcrumbList\",\"@id\":\"https:\/\/triptotripvalencia.com\/it\/visite\/#breadcrumb\",\"itemListElement\":[{\"@type\":\"ListItem\",\"position\":1,\"name\":\"Portada\",\"item\":\"https:\/\/triptotripvalencia.com\/it\/inizio\/\"},{\"@type\":\"ListItem\",\"position\":2,\"name\":\"Visite\"}]},{\"@type\":\"WebSite\",\"@id\":\"https:\/\/triptotripvalencia.com\/it\/#website\",\"url\":\"https:\/\/triptotripvalencia.com\/it\/\",\"name\":\"Triptotrip\",\"description\":\"Visitas guiadas en Valencia\",\"publisher\":{\"@id\":\"https:\/\/triptotripvalencia.com\/it\/#organization\"},\"potentialAction\":[{\"@type\":\"SearchAction\",\"target\":{\"@type\":\"EntryPoint\",\"urlTemplate\":\"https:\/\/triptotripvalencia.com\/it\/?s={search_term_string}\"},\"query-input\":\"required name=search_term_string\"}],\"inLanguage\":\"it-IT\"},{\"@type\":\"Organization\",\"@id\":\"https:\/\/triptotripvalencia.com\/it\/#organization\",\"name\":\"TripToTripValencia\",\"url\":\"https:\/\/triptotripvalencia.com\/it\/\",\"logo\":{\"@type\":\"ImageObject\",\"inLanguage\":\"it-IT\",\"@id\":\"https:\/\/triptotripvalencia.com\/it\/#\/schema\/logo\/image\/\",\"url\":\"https:\/\/triptotripvalencia.com\/wp-content\/uploads\/2016\/09\/logo.png\",\"contentUrl\":\"https:\/\/triptotripvalencia.com\/wp-content\/uploads\/2016\/09\/logo.png\",\"width\":250,\"height\":70,\"caption\":\"TripToTripValencia\"},\"image\":{\"@id\":\"https:\/\/triptotripvalencia.com\/it\/#\/schema\/logo\/image\/\"},\"sameAs\":[\"https:\/\/www.facebook.com\/triptotripvalencia\",\"https:\/\/www.instagram.com\/triptotripvalencia\/\"]}]}<\/script>\n<!-- \/ Yoast SEO plugin. -->","yoast_head_json":{"title":"Visite &#8902; Triptotrip","robots":{"index":"index","follow":"follow","max-snippet":"max-snippet:-1","max-image-preview":"max-image-preview:large","max-video-preview":"max-video-preview:-1"},"canonical":"https:\/\/triptotripvalencia.com\/it\/visite\/","og_locale":"it_IT","og_type":"article","og_title":"Visite &#8902; Triptotrip","og_description":"Passeggiata per Valencia, Citt\u00e0 Vecchia Se \u00e8 per prima volta che venite a Valencia, Vi consigliamo di fare una passeggiata tra i suoi ... Leggi di pi\u00f9","og_url":"https:\/\/triptotripvalencia.com\/it\/visite\/","og_site_name":"Triptotrip","article_publisher":"https:\/\/www.facebook.com\/triptotripvalencia","article_modified_time":"2020-09-03T17:22:30+00:00","og_image":[{"url":"https:\/\/triptotripvalencia.com\/wp-content\/uploads\/2020\/08\/bioparc-365x215.jpeg"}],"twitter_card":"summary_large_image","twitter_misc":{"Tempo di lettura stimato":"1 minuto"},"schema":{"@context":"https:\/\/schema.org","@graph":[{"@type":"WebPage","@id":"https:\/\/triptotripvalencia.com\/it\/visite\/","url":"https:\/\/triptotripvalencia.com\/it\/visite\/","name":"Visite &#8902; Triptotrip","isPartOf":{"@id":"https:\/\/triptotripvalencia.com\/it\/#website"},"datePublished":"2020-07-21T14:03:06+00:00","dateModified":"2020-09-03T17:22:30+00:00","breadcrumb":{"@id":"https:\/\/triptotripvalencia.com\/it\/visite\/#breadcrumb"},"inLanguage":"it-IT","potentialAction":[{"@type":"ReadAction","target":["https:\/\/triptotripvalencia.com\/it\/visite\/"]}]},{"@type":"BreadcrumbList","@id":"https:\/\/triptotripvalencia.com\/it\/visite\/#breadcrumb","itemListElement":[{"@type":"ListItem","position":1,"name":"Portada","item":"https:\/\/triptotripvalencia.com\/it\/inizio\/"},{"@type":"ListItem","position":2,"name":"Visite"}]},{"@type":"WebSite","@id":"https:\/\/triptotripvalencia.com\/it\/#website","url":"https:\/\/triptotripvalencia.com\/it\/","name":"Triptotrip","description":"Visitas guiadas en Valencia","publisher":{"@id":"https:\/\/triptotripvalencia.com\/it\/#organization"},"potentialAction":[{"@type":"SearchAction","target":{"@type":"EntryPoint","urlTemplate":"https:\/\/triptotripvalencia.com\/it\/?s={search_term_string}"},"query-input":"required name=search_term_string"}],"inLanguage":"it-IT"},{"@type":"Organization","@id":"https:\/\/triptotripvalencia.com\/it\/#organization","name":"TripToTripValencia","url":"https:\/\/triptotripvalencia.com\/it\/","logo":{"@type":"ImageObject","inLanguage":"it-IT","@id":"https:\/\/triptotripvalencia.com\/it\/#\/schema\/logo\/image\/","url":"https:\/\/triptotripvalencia.com\/wp-content\/uploads\/2016\/09\/logo.png","contentUrl":"https:\/\/triptotripvalencia.com\/wp-content\/uploads\/2016\/09\/logo.png","width":250,"height":70,"caption":"TripToTripValencia"},"image":{"@id":"https:\/\/triptotripvalencia.com\/it\/#\/schema\/logo\/image\/"},"sameAs":["https:\/\/www.facebook.com\/triptotripvalencia","https:\/\/www.instagram.com\/triptotripvalencia\/"]}]}},"_links":{"self":[{"href":"https:\/\/triptotripvalencia.com\/it\/wp-json\/wp\/v2\/pages\/1078"}],"collection":[{"href":"https:\/\/triptotripvalencia.com\/it\/wp-json\/wp\/v2\/pages"}],"about":[{"href":"https:\/\/triptotripvalencia.com\/it\/wp-json\/wp\/v2\/types\/page"}],"author":[{"embeddable":true,"href":"https:\/\/triptotripvalencia.com\/it\/wp-json\/wp\/v2\/users\/4"}],"replies":[{"embeddable":true,"href":"https:\/\/triptotripvalencia.com\/it\/wp-json\/wp\/v2\/comments?post=1078"}],"version-history":[{"count":5,"href":"https:\/\/triptotripvalencia.com\/it\/wp-json\/wp\/v2\/pages\/1078\/revisions"}],"predecessor-version":[{"id":1277,"href":"https:\/\/triptotripvalencia.com\/it\/wp-json\/wp\/v2\/pages\/1078\/revisions\/1277"}],"wp:attachment":[{"href":"https:\/\/triptotripvalencia.com\/it\/wp-json\/wp\/v2\/media?parent=1078"}],"curies":[{"name":"wp","href":"https:\/\/api.w.org\/{rel}","templated":true}]}}