{"id":37,"date":"2016-09-26T20:54:36","date_gmt":"2016-09-26T18:54:36","guid":{"rendered":"http:\/\/triptotrip.dev\/?page_id=37"},"modified":"2020-09-03T17:51:48","modified_gmt":"2020-09-03T15:51:48","slug":"quines-somos","status":"publish","type":"page","link":"https:\/\/triptotripvalencia.com\/es\/quines-somos\/","title":{"rendered":"Quienes somos"},"content":{"rendered":"<div id=\"cs-content\" class=\"cs-content\"><\/div>\n","protected":false},"excerpt":{"rendered":"<p>Qui\u00e9nes somosSergio Diago L\u00f3pez, gu\u00eda con habilitaci\u00f3n n\u00ba974. S\u00edguenos \u00a0 \u00a0 \u00a0 \u00a0 \u00a0 \u00a0 \u00a0 \u00a0 \u00a0 \u00a0\u00a0 \u00a0Amalia L\u00f3pez C\u00e1ceres, gu\u00eda con habilitaci\u00f3n n\u00ba956. S\u00edguenos \u00a0 \u00a0 \u00a0 \u00a0 \u00a0 \u00a0 \u00a0 \u00a0 \u00a0 \u00a0 \u00a0Adela Cano Garc\u00eda, gu\u00eda con habilitaci\u00f3n n\u00ba1053. S\u00edguenos \u00a0 \u00a0 \u00a0 \u00a0 \u00a0 \u00a0 \u00a0 \u00a0 \u00a0 \u00a0 \u00a0TripToTrip ValenciaTriptotrip somos un equipo &#8230; <\/p>\n<div><a href=\"https:\/\/triptotripvalencia.com\/es\/quines-somos\/\" class=\"more-link\">Leer m\u00e1s<\/a><\/div>\n","protected":false},"author":4,"featured_media":0,"parent":0,"menu_order":0,"comment_status":"closed","ping_status":"closed","template":"template-blank-1.php","meta":[],"yoast_head":"<!-- This site is optimized with the Yoast SEO plugin v21.8.1 - https:\/\/yoast.com\/wordpress\/plugins\/seo\/ -->\n<title>Quienes somos &#8902; Triptotrip<\/title>\n<meta name=\"robots\" content=\"index, follow, max-snippet:-1, max-image-preview:large, max-video-preview:-1\" \/>\n<link rel=\"canonical\" href=\"https:\/\/triptotripvalencia.com\/es\/quines-somos\/\" \/>\n<meta property=\"og:locale\" content=\"es_ES\" \/>\n<meta property=\"og:type\" content=\"article\" \/>\n<meta property=\"og:title\" content=\"Quienes somos &#8902; Triptotrip\" \/>\n<meta property=\"og:description\" content=\"Qui\u00e9nes somosSergio Diago L\u00f3pez, gu\u00eda con habilitaci\u00f3n n\u00ba974. S\u00edguenos \u00a0 \u00a0 \u00a0 \u00a0 \u00a0 \u00a0 \u00a0 \u00a0 \u00a0 \u00a0\u00a0 \u00a0Amalia L\u00f3pez C\u00e1ceres, gu\u00eda con habilitaci\u00f3n n\u00ba956. S\u00edguenos \u00a0 \u00a0 \u00a0 \u00a0 \u00a0 \u00a0 \u00a0 \u00a0 \u00a0 \u00a0 \u00a0Adela Cano Garc\u00eda, gu\u00eda con habilitaci\u00f3n n\u00ba1053. S\u00edguenos \u00a0 \u00a0 \u00a0 \u00a0 \u00a0 \u00a0 \u00a0 \u00a0 \u00a0 \u00a0 \u00a0TripToTrip ValenciaTriptotrip somos un equipo ... Leer m\u00e1s\" \/>\n<meta property=\"og:url\" content=\"https:\/\/triptotripvalencia.com\/es\/quines-somos\/\" \/>\n<meta property=\"og:site_name\" content=\"Triptotrip\" \/>\n<meta property=\"article:publisher\" content=\"https:\/\/www.facebook.com\/triptotripvalencia\" \/>\n<meta property=\"article:modified_time\" content=\"2020-09-03T15:51:48+00:00\" \/>\n<meta property=\"og:image\" content=\"https:\/\/triptotripvalencia.com\/wp-content\/uploads\/2020\/09\/Facebook_2.png\" \/>\n<meta name=\"twitter:card\" content=\"summary_large_image\" \/>\n<meta name=\"twitter:label1\" content=\"Tiempo de lectura\" \/>\n\t<meta name=\"twitter:data1\" content=\"3 minutos\" \/>\n<script type=\"application\/ld+json\" class=\"yoast-schema-graph\">{\"@context\":\"https:\/\/schema.org\",\"@graph\":[{\"@type\":\"WebPage\",\"@id\":\"https:\/\/triptotripvalencia.com\/es\/quines-somos\/\",\"url\":\"https:\/\/triptotripvalencia.com\/es\/quines-somos\/\",\"name\":\"Quienes somos &#8902; Triptotrip\",\"isPartOf\":{\"@id\":\"https:\/\/triptotripvalencia.com\/es\/#website\"},\"datePublished\":\"2016-09-26T18:54:36+00:00\",\"dateModified\":\"2020-09-03T15:51:48+00:00\",\"breadcrumb\":{\"@id\":\"https:\/\/triptotripvalencia.com\/es\/quines-somos\/#breadcrumb\"},\"inLanguage\":\"es\",\"potentialAction\":[{\"@type\":\"ReadAction\",\"target\":[\"https:\/\/triptotripvalencia.com\/es\/quines-somos\/\"]}]},{\"@type\":\"BreadcrumbList\",\"@id\":\"https:\/\/triptotripvalencia.com\/es\/quines-somos\/#breadcrumb\",\"itemListElement\":[{\"@type\":\"ListItem\",\"position\":1,\"name\":\"Portada\",\"item\":\"https:\/\/triptotripvalencia.com\/es\/\"},{\"@type\":\"ListItem\",\"position\":2,\"name\":\"Quienes somos\"}]},{\"@type\":\"WebSite\",\"@id\":\"https:\/\/triptotripvalencia.com\/es\/#website\",\"url\":\"https:\/\/triptotripvalencia.com\/es\/\",\"name\":\"Triptotrip\",\"description\":\"Visitas guiadas en Valencia\",\"publisher\":{\"@id\":\"https:\/\/triptotripvalencia.com\/es\/#organization\"},\"potentialAction\":[{\"@type\":\"SearchAction\",\"target\":{\"@type\":\"EntryPoint\",\"urlTemplate\":\"https:\/\/triptotripvalencia.com\/es\/?s={search_term_string}\"},\"query-input\":\"required name=search_term_string\"}],\"inLanguage\":\"es\"},{\"@type\":\"Organization\",\"@id\":\"https:\/\/triptotripvalencia.com\/es\/#organization\",\"name\":\"TripToTripValencia\",\"url\":\"https:\/\/triptotripvalencia.com\/es\/\",\"logo\":{\"@type\":\"ImageObject\",\"inLanguage\":\"es\",\"@id\":\"https:\/\/triptotripvalencia.com\/es\/#\/schema\/logo\/image\/\",\"url\":\"https:\/\/triptotripvalencia.com\/wp-content\/uploads\/2016\/09\/logo.png\",\"contentUrl\":\"https:\/\/triptotripvalencia.com\/wp-content\/uploads\/2016\/09\/logo.png\",\"width\":250,\"height\":70,\"caption\":\"TripToTripValencia\"},\"image\":{\"@id\":\"https:\/\/triptotripvalencia.com\/es\/#\/schema\/logo\/image\/\"},\"sameAs\":[\"https:\/\/www.facebook.com\/triptotripvalencia\",\"https:\/\/www.instagram.com\/triptotripvalencia\/\"]}]}<\/script>\n<!-- \/ Yoast SEO plugin. -->","yoast_head_json":{"title":"Quienes somos &#8902; Triptotrip","robots":{"index":"index","follow":"follow","max-snippet":"max-snippet:-1","max-image-preview":"max-image-preview:large","max-video-preview":"max-video-preview:-1"},"canonical":"https:\/\/triptotripvalencia.com\/es\/quines-somos\/","og_locale":"es_ES","og_type":"article","og_title":"Quienes somos &#8902; Triptotrip","og_description":"Qui\u00e9nes somosSergio Diago L\u00f3pez, gu\u00eda con habilitaci\u00f3n n\u00ba974. S\u00edguenos \u00a0 \u00a0 \u00a0 \u00a0 \u00a0 \u00a0 \u00a0 \u00a0 \u00a0 \u00a0\u00a0 \u00a0Amalia L\u00f3pez C\u00e1ceres, gu\u00eda con habilitaci\u00f3n n\u00ba956. S\u00edguenos \u00a0 \u00a0 \u00a0 \u00a0 \u00a0 \u00a0 \u00a0 \u00a0 \u00a0 \u00a0 \u00a0Adela Cano Garc\u00eda, gu\u00eda con habilitaci\u00f3n n\u00ba1053. S\u00edguenos \u00a0 \u00a0 \u00a0 \u00a0 \u00a0 \u00a0 \u00a0 \u00a0 \u00a0 \u00a0 \u00a0TripToTrip ValenciaTriptotrip somos un equipo ... Leer m\u00e1s","og_url":"https:\/\/triptotripvalencia.com\/es\/quines-somos\/","og_site_name":"Triptotrip","article_publisher":"https:\/\/www.facebook.com\/triptotripvalencia","article_modified_time":"2020-09-03T15:51:48+00:00","og_image":[{"url":"https:\/\/triptotripvalencia.com\/wp-content\/uploads\/2020\/09\/Facebook_2.png"}],"twitter_card":"summary_large_image","twitter_misc":{"Tiempo de lectura":"3 minutos"},"schema":{"@context":"https:\/\/schema.org","@graph":[{"@type":"WebPage","@id":"https:\/\/triptotripvalencia.com\/es\/quines-somos\/","url":"https:\/\/triptotripvalencia.com\/es\/quines-somos\/","name":"Quienes somos &#8902; Triptotrip","isPartOf":{"@id":"https:\/\/triptotripvalencia.com\/es\/#website"},"datePublished":"2016-09-26T18:54:36+00:00","dateModified":"2020-09-03T15:51:48+00:00","breadcrumb":{"@id":"https:\/\/triptotripvalencia.com\/es\/quines-somos\/#breadcrumb"},"inLanguage":"es","potentialAction":[{"@type":"ReadAction","target":["https:\/\/triptotripvalencia.com\/es\/quines-somos\/"]}]},{"@type":"BreadcrumbList","@id":"https:\/\/triptotripvalencia.com\/es\/quines-somos\/#breadcrumb","itemListElement":[{"@type":"ListItem","position":1,"name":"Portada","item":"https:\/\/triptotripvalencia.com\/es\/"},{"@type":"ListItem","position":2,"name":"Quienes somos"}]},{"@type":"WebSite","@id":"https:\/\/triptotripvalencia.com\/es\/#website","url":"https:\/\/triptotripvalencia.com\/es\/","name":"Triptotrip","description":"Visitas guiadas en Valencia","publisher":{"@id":"https:\/\/triptotripvalencia.com\/es\/#organization"},"potentialAction":[{"@type":"SearchAction","target":{"@type":"EntryPoint","urlTemplate":"https:\/\/triptotripvalencia.com\/es\/?s={search_term_string}"},"query-input":"required name=search_term_string"}],"inLanguage":"es"},{"@type":"Organization","@id":"https:\/\/triptotripvalencia.com\/es\/#organization","name":"TripToTripValencia","url":"https:\/\/triptotripvalencia.com\/es\/","logo":{"@type":"ImageObject","inLanguage":"es","@id":"https:\/\/triptotripvalencia.com\/es\/#\/schema\/logo\/image\/","url":"https:\/\/triptotripvalencia.com\/wp-content\/uploads\/2016\/09\/logo.png","contentUrl":"https:\/\/triptotripvalencia.com\/wp-content\/uploads\/2016\/09\/logo.png","width":250,"height":70,"caption":"TripToTripValencia"},"image":{"@id":"https:\/\/triptotripvalencia.com\/es\/#\/schema\/logo\/image\/"},"sameAs":["https:\/\/www.facebook.com\/triptotripvalencia","https:\/\/www.instagram.com\/triptotripvalencia\/"]}]}},"_links":{"self":[{"href":"https:\/\/triptotripvalencia.com\/es\/wp-json\/wp\/v2\/pages\/37"}],"collection":[{"href":"https:\/\/triptotripvalencia.com\/es\/wp-json\/wp\/v2\/pages"}],"about":[{"href":"https:\/\/triptotripvalencia.com\/es\/wp-json\/wp\/v2\/types\/page"}],"author":[{"embeddable":true,"href":"https:\/\/triptotripvalencia.com\/es\/wp-json\/wp\/v2\/users\/4"}],"replies":[{"embeddable":true,"href":"https:\/\/triptotripvalencia.com\/es\/wp-json\/wp\/v2\/comments?post=37"}],"version-history":[{"count":21,"href":"https:\/\/triptotripvalencia.com\/es\/wp-json\/wp\/v2\/pages\/37\/revisions"}],"predecessor-version":[{"id":1266,"href":"https:\/\/triptotripvalencia.com\/es\/wp-json\/wp\/v2\/pages\/37\/revisions\/1266"}],"wp:attachment":[{"href":"https:\/\/triptotripvalencia.com\/es\/wp-json\/wp\/v2\/media?parent=37"}],"curies":[{"name":"wp","href":"https:\/\/api.w.org\/{rel}","templated":true}]}}