{"id":1039,"date":"2020-07-21T13:01:09","date_gmt":"2020-07-21T11:01:09","guid":{"rendered":"https:\/\/triptotripvalencia.com\/?page_id=1039"},"modified":"2020-09-03T16:22:12","modified_gmt":"2020-09-03T14:22:12","slug":"turismo-responsable","status":"publish","type":"page","link":"https:\/\/triptotripvalencia.com\/es\/turismo-responsable\/","title":{"rendered":"Turismo Responsable"},"content":{"rendered":"<div id=\"cs-content\" class=\"cs-content\"><\/div>\n","protected":false},"excerpt":{"rendered":"<p>La Secretaria de Estado de Turismo del Ministerio de Industria , Comercio y Turismo del Gobierno de Espa\u00f1a reconoce el esfuerzo de los profesionales del sector tur\u00edstico en crear un entorno seguro, seg\u00fan se especifica en la gu\u00eda de medidas para la reducci\u00f3n del contagio del Coronavirus SARS-CoV-2.GU\u00cdA DE MEDIDAS MEDIDAS INFORMATIVAS: Para realizar cualquiera de nuestros servicios ser\u00e1 imprescindible &#8230; <\/p>\n<div><a href=\"https:\/\/triptotripvalencia.com\/es\/turismo-responsable\/\" class=\"more-link\">Leer m\u00e1s<\/a><\/div>\n","protected":false},"author":4,"featured_media":0,"parent":0,"menu_order":0,"comment_status":"closed","ping_status":"closed","template":"","meta":[],"yoast_head":"<!-- This site is optimized with the Yoast SEO plugin v21.8.1 - https:\/\/yoast.com\/wordpress\/plugins\/seo\/ -->\n<title>Turismo Responsable &#8902; Triptotrip<\/title>\n<meta name=\"robots\" content=\"index, follow, max-snippet:-1, max-image-preview:large, max-video-preview:-1\" \/>\n<link rel=\"canonical\" href=\"https:\/\/triptotripvalencia.com\/es\/turismo-responsable\/\" \/>\n<meta property=\"og:locale\" content=\"es_ES\" \/>\n<meta property=\"og:type\" content=\"article\" \/>\n<meta property=\"og:title\" content=\"Turismo Responsable &#8902; Triptotrip\" \/>\n<meta property=\"og:description\" content=\"La Secretaria de Estado de Turismo del Ministerio de Industria , Comercio y Turismo del Gobierno de Espa\u00f1a reconoce el esfuerzo de los profesionales del sector tur\u00edstico en crear un entorno seguro, seg\u00fan se especifica en la gu\u00eda de medidas para la reducci\u00f3n del contagio del Coronavirus SARS-CoV-2.GU\u00cdA DE MEDIDAS MEDIDAS INFORMATIVAS: Para realizar cualquiera de nuestros servicios ser\u00e1 imprescindible ... Leer m\u00e1s\" \/>\n<meta property=\"og:url\" content=\"https:\/\/triptotripvalencia.com\/es\/turismo-responsable\/\" \/>\n<meta property=\"og:site_name\" content=\"Triptotrip\" \/>\n<meta property=\"article:publisher\" content=\"https:\/\/www.facebook.com\/triptotripvalencia\" \/>\n<meta property=\"article:modified_time\" content=\"2020-09-03T14:22:12+00:00\" \/>\n<meta property=\"og:image\" content=\"https:\/\/triptotripvalencia.com\/wp-content\/uploads\/2020\/06\/reaponsible_tourism-1.png\" \/>\n<meta name=\"twitter:card\" content=\"summary_large_image\" \/>\n<meta name=\"twitter:label1\" content=\"Tiempo de lectura\" \/>\n\t<meta name=\"twitter:data1\" content=\"3 minutos\" \/>\n<script type=\"application\/ld+json\" class=\"yoast-schema-graph\">{\"@context\":\"https:\/\/schema.org\",\"@graph\":[{\"@type\":\"WebPage\",\"@id\":\"https:\/\/triptotripvalencia.com\/es\/turismo-responsable\/\",\"url\":\"https:\/\/triptotripvalencia.com\/es\/turismo-responsable\/\",\"name\":\"Turismo Responsable &#8902; Triptotrip\",\"isPartOf\":{\"@id\":\"https:\/\/triptotripvalencia.com\/es\/#website\"},\"datePublished\":\"2020-07-21T11:01:09+00:00\",\"dateModified\":\"2020-09-03T14:22:12+00:00\",\"breadcrumb\":{\"@id\":\"https:\/\/triptotripvalencia.com\/es\/turismo-responsable\/#breadcrumb\"},\"inLanguage\":\"es\",\"potentialAction\":[{\"@type\":\"ReadAction\",\"target\":[\"https:\/\/triptotripvalencia.com\/es\/turismo-responsable\/\"]}]},{\"@type\":\"BreadcrumbList\",\"@id\":\"https:\/\/triptotripvalencia.com\/es\/turismo-responsable\/#breadcrumb\",\"itemListElement\":[{\"@type\":\"ListItem\",\"position\":1,\"name\":\"Portada\",\"item\":\"https:\/\/triptotripvalencia.com\/es\/\"},{\"@type\":\"ListItem\",\"position\":2,\"name\":\"Turismo Responsable\"}]},{\"@type\":\"WebSite\",\"@id\":\"https:\/\/triptotripvalencia.com\/es\/#website\",\"url\":\"https:\/\/triptotripvalencia.com\/es\/\",\"name\":\"Triptotrip\",\"description\":\"Visitas guiadas en Valencia\",\"publisher\":{\"@id\":\"https:\/\/triptotripvalencia.com\/es\/#organization\"},\"potentialAction\":[{\"@type\":\"SearchAction\",\"target\":{\"@type\":\"EntryPoint\",\"urlTemplate\":\"https:\/\/triptotripvalencia.com\/es\/?s={search_term_string}\"},\"query-input\":\"required name=search_term_string\"}],\"inLanguage\":\"es\"},{\"@type\":\"Organization\",\"@id\":\"https:\/\/triptotripvalencia.com\/es\/#organization\",\"name\":\"TripToTripValencia\",\"url\":\"https:\/\/triptotripvalencia.com\/es\/\",\"logo\":{\"@type\":\"ImageObject\",\"inLanguage\":\"es\",\"@id\":\"https:\/\/triptotripvalencia.com\/es\/#\/schema\/logo\/image\/\",\"url\":\"https:\/\/triptotripvalencia.com\/wp-content\/uploads\/2016\/09\/logo.png\",\"contentUrl\":\"https:\/\/triptotripvalencia.com\/wp-content\/uploads\/2016\/09\/logo.png\",\"width\":250,\"height\":70,\"caption\":\"TripToTripValencia\"},\"image\":{\"@id\":\"https:\/\/triptotripvalencia.com\/es\/#\/schema\/logo\/image\/\"},\"sameAs\":[\"https:\/\/www.facebook.com\/triptotripvalencia\",\"https:\/\/www.instagram.com\/triptotripvalencia\/\"]}]}<\/script>\n<!-- \/ Yoast SEO plugin. -->","yoast_head_json":{"title":"Turismo Responsable &#8902; Triptotrip","robots":{"index":"index","follow":"follow","max-snippet":"max-snippet:-1","max-image-preview":"max-image-preview:large","max-video-preview":"max-video-preview:-1"},"canonical":"https:\/\/triptotripvalencia.com\/es\/turismo-responsable\/","og_locale":"es_ES","og_type":"article","og_title":"Turismo Responsable &#8902; Triptotrip","og_description":"La Secretaria de Estado de Turismo del Ministerio de Industria , Comercio y Turismo del Gobierno de Espa\u00f1a reconoce el esfuerzo de los profesionales del sector tur\u00edstico en crear un entorno seguro, seg\u00fan se especifica en la gu\u00eda de medidas para la reducci\u00f3n del contagio del Coronavirus SARS-CoV-2.GU\u00cdA DE MEDIDAS MEDIDAS INFORMATIVAS: Para realizar cualquiera de nuestros servicios ser\u00e1 imprescindible ... Leer m\u00e1s","og_url":"https:\/\/triptotripvalencia.com\/es\/turismo-responsable\/","og_site_name":"Triptotrip","article_publisher":"https:\/\/www.facebook.com\/triptotripvalencia","article_modified_time":"2020-09-03T14:22:12+00:00","og_image":[{"url":"https:\/\/triptotripvalencia.com\/wp-content\/uploads\/2020\/06\/reaponsible_tourism-1.png"}],"twitter_card":"summary_large_image","twitter_misc":{"Tiempo de lectura":"3 minutos"},"schema":{"@context":"https:\/\/schema.org","@graph":[{"@type":"WebPage","@id":"https:\/\/triptotripvalencia.com\/es\/turismo-responsable\/","url":"https:\/\/triptotripvalencia.com\/es\/turismo-responsable\/","name":"Turismo Responsable &#8902; Triptotrip","isPartOf":{"@id":"https:\/\/triptotripvalencia.com\/es\/#website"},"datePublished":"2020-07-21T11:01:09+00:00","dateModified":"2020-09-03T14:22:12+00:00","breadcrumb":{"@id":"https:\/\/triptotripvalencia.com\/es\/turismo-responsable\/#breadcrumb"},"inLanguage":"es","potentialAction":[{"@type":"ReadAction","target":["https:\/\/triptotripvalencia.com\/es\/turismo-responsable\/"]}]},{"@type":"BreadcrumbList","@id":"https:\/\/triptotripvalencia.com\/es\/turismo-responsable\/#breadcrumb","itemListElement":[{"@type":"ListItem","position":1,"name":"Portada","item":"https:\/\/triptotripvalencia.com\/es\/"},{"@type":"ListItem","position":2,"name":"Turismo Responsable"}]},{"@type":"WebSite","@id":"https:\/\/triptotripvalencia.com\/es\/#website","url":"https:\/\/triptotripvalencia.com\/es\/","name":"Triptotrip","description":"Visitas guiadas en Valencia","publisher":{"@id":"https:\/\/triptotripvalencia.com\/es\/#organization"},"potentialAction":[{"@type":"SearchAction","target":{"@type":"EntryPoint","urlTemplate":"https:\/\/triptotripvalencia.com\/es\/?s={search_term_string}"},"query-input":"required name=search_term_string"}],"inLanguage":"es"},{"@type":"Organization","@id":"https:\/\/triptotripvalencia.com\/es\/#organization","name":"TripToTripValencia","url":"https:\/\/triptotripvalencia.com\/es\/","logo":{"@type":"ImageObject","inLanguage":"es","@id":"https:\/\/triptotripvalencia.com\/es\/#\/schema\/logo\/image\/","url":"https:\/\/triptotripvalencia.com\/wp-content\/uploads\/2016\/09\/logo.png","contentUrl":"https:\/\/triptotripvalencia.com\/wp-content\/uploads\/2016\/09\/logo.png","width":250,"height":70,"caption":"TripToTripValencia"},"image":{"@id":"https:\/\/triptotripvalencia.com\/es\/#\/schema\/logo\/image\/"},"sameAs":["https:\/\/www.facebook.com\/triptotripvalencia","https:\/\/www.instagram.com\/triptotripvalencia\/"]}]}},"_links":{"self":[{"href":"https:\/\/triptotripvalencia.com\/es\/wp-json\/wp\/v2\/pages\/1039"}],"collection":[{"href":"https:\/\/triptotripvalencia.com\/es\/wp-json\/wp\/v2\/pages"}],"about":[{"href":"https:\/\/triptotripvalencia.com\/es\/wp-json\/wp\/v2\/types\/page"}],"author":[{"embeddable":true,"href":"https:\/\/triptotripvalencia.com\/es\/wp-json\/wp\/v2\/users\/4"}],"replies":[{"embeddable":true,"href":"https:\/\/triptotripvalencia.com\/es\/wp-json\/wp\/v2\/comments?post=1039"}],"version-history":[{"count":12,"href":"https:\/\/triptotripvalencia.com\/es\/wp-json\/wp\/v2\/pages\/1039\/revisions"}],"predecessor-version":[{"id":1245,"href":"https:\/\/triptotripvalencia.com\/es\/wp-json\/wp\/v2\/pages\/1039\/revisions\/1245"}],"wp:attachment":[{"href":"https:\/\/triptotripvalencia.com\/es\/wp-json\/wp\/v2\/media?parent=1039"}],"curies":[{"name":"wp","href":"https:\/\/api.w.org\/{rel}","templated":true}]}}